{"id":5,"date":"2025-11-28T15:29:54","date_gmt":"2025-11-28T07:29:54","guid":{"rendered":"http:\/\/www.jintaimachine.com\/?page_id=5"},"modified":"2025-12-01T15:01:39","modified_gmt":"2025-12-01T07:01:39","slug":"home","status":"publish","type":"page","link":"http:\/\/www.jintaimachine.com\/fr\/","title":{"rendered":"domicile"},"content":{"rendered":"","protected":false},"excerpt":{"rendered":"","protected":false},"author":1,"featured_media":0,"parent":0,"menu_order":0,"comment_status":"closed","ping_status":"closed","template":"index.php","meta":{"_acf_changed":false,"footnotes":""},"class_list":["post-5","page","type-page","status-publish","hentry"],"acf":[],"yoast_head":"<!-- This site is optimized with the Yoast SEO plugin v26.5 - https:\/\/yoast.com\/wordpress\/plugins\/seo\/ -->\n<title>Jaw Crusher|Hammer Crusher|Double Level Breaking- Jintai Industrial<\/title>\n<meta name=\"description\" content=\"Jintai Industrial mainly produces auxiliary equipment such as jaw crushers, hammer crushers, two-stage screenless crushers, box crushers, ball mills, and mobile crushers (sand making machines).\" \/>\n<meta name=\"robots\" content=\"index, follow, max-snippet:-1, max-image-preview:large, max-video-preview:-1\" \/>\n<link rel=\"canonical\" href=\"http:\/\/www.jintaimachine.com\/fr\/\" \/>\n<meta property=\"og:locale\" content=\"fr_FR\" \/>\n<meta property=\"og:type\" content=\"article\" \/>\n<meta property=\"og:title\" content=\"Jaw Crusher|Hammer Crusher|Double Level Breaking- Jintai Industrial\" \/>\n<meta property=\"og:description\" content=\"Jintai Industrial mainly produces auxiliary equipment such as jaw crushers, hammer crushers, two-stage screenless crushers, box crushers, ball mills, and mobile crushers (sand making machines).\" \/>\n<meta property=\"og:url\" content=\"http:\/\/www.jintaimachine.com\/fr\/\" \/>\n<meta property=\"og:site_name\" content=\"Jintai Industrial\" \/>\n<meta property=\"article:modified_time\" content=\"2025-12-01T07:01:39+00:00\" \/>\n<meta name=\"twitter:card\" content=\"summary_large_image\" \/>\n<script type=\"application\/ld+json\" class=\"yoast-schema-graph\">{\"@context\":\"https:\/\/schema.org\",\"@graph\":[{\"@type\":\"WebPage\",\"@id\":\"http:\/\/www.jintaimachine.com\/ru\/\",\"url\":\"http:\/\/www.jintaimachine.com\/ru\/\",\"name\":\"Jaw Crusher|Hammer Crusher|Double Level Breaking- Jintai Industrial\",\"isPartOf\":{\"@id\":\"https:\/\/www.jintaimachine.com\/#website\"},\"datePublished\":\"2025-11-28T07:29:54+00:00\",\"dateModified\":\"2025-12-01T07:01:39+00:00\",\"description\":\"Jintai Industrial mainly produces auxiliary equipment such as jaw crushers, hammer crushers, two-stage screenless crushers, box crushers, ball mills, and mobile crushers (sand making machines).\",\"breadcrumb\":{\"@id\":\"http:\/\/www.jintaimachine.com\/ru\/#breadcrumb\"},\"inLanguage\":\"fr-FR\",\"potentialAction\":[{\"@type\":\"ReadAction\",\"target\":[\"http:\/\/www.jintaimachine.com\/ru\/\"]}]},{\"@type\":\"BreadcrumbList\",\"@id\":\"http:\/\/www.jintaimachine.com\/ru\/#breadcrumb\",\"itemListElement\":[{\"@type\":\"ListItem\",\"position\":1,\"name\":\"Home\",\"item\":\"http:\/\/www.jintaimachine.com\/ru\/\"},{\"@type\":\"ListItem\",\"position\":2,\"name\":\"home\"}]},{\"@type\":\"WebSite\",\"@id\":\"https:\/\/www.jintaimachine.com\/#website\",\"url\":\"https:\/\/www.jintaimachine.com\/\",\"name\":\"Jintai Industrial\",\"description\":\"\",\"potentialAction\":[{\"@type\":\"SearchAction\",\"target\":{\"@type\":\"EntryPoint\",\"urlTemplate\":\"https:\/\/www.jintaimachine.com\/?s={search_term_string}\"},\"query-input\":{\"@type\":\"PropertyValueSpecification\",\"valueRequired\":true,\"valueName\":\"search_term_string\"}}],\"inLanguage\":\"fr-FR\"}]}<\/script>\n<!-- \/ Yoast SEO plugin. -->","yoast_head_json":{"title":"Concasseur \u00e0 m\u00e2choires|Concasseur \u00e0 marteaux|Rupture \u00e0 double niveau- Jintai Industrial","description":"Jintai Industrial produit principalement des \u00e9quipements auxiliaires tels que des concasseurs \u00e0 m\u00e2choires, des concasseurs \u00e0 marteaux, des concasseurs sans crible \u00e0 deux \u00e9tages, des concasseurs \u00e0 caisson, des broyeurs \u00e0 billes et des concasseurs mobiles (machines \u00e0 fabriquer du sable).","robots":{"index":"index","follow":"follow","max-snippet":"max-snippet:-1","max-image-preview":"max-image-preview:large","max-video-preview":"max-video-preview:-1"},"canonical":"http:\/\/www.jintaimachine.com\/fr\/","og_locale":"fr_FR","og_type":"article","og_title":"Jaw Crusher|Hammer Crusher|Double Level Breaking- Jintai Industrial","og_description":"Jintai Industrial mainly produces auxiliary equipment such as jaw crushers, hammer crushers, two-stage screenless crushers, box crushers, ball mills, and mobile crushers (sand making machines).","og_url":"http:\/\/www.jintaimachine.com\/fr\/","og_site_name":"Jintai Industrial","article_modified_time":"2025-12-01T07:01:39+00:00","twitter_card":"summary_large_image","schema":{"@context":"https:\/\/schema.org","@graph":[{"@type":"WebPage","@id":"http:\/\/www.jintaimachine.com\/ru\/","url":"http:\/\/www.jintaimachine.com\/ru\/","name":"Concasseur \u00e0 m\u00e2choires|Concasseur \u00e0 marteaux|Rupture \u00e0 double niveau- Jintai Industrial","isPartOf":{"@id":"https:\/\/www.jintaimachine.com\/#website"},"datePublished":"2025-11-28T07:29:54+00:00","dateModified":"2025-12-01T07:01:39+00:00","description":"Jintai Industrial produit principalement des \u00e9quipements auxiliaires tels que des concasseurs \u00e0 m\u00e2choires, des concasseurs \u00e0 marteaux, des concasseurs sans crible \u00e0 deux \u00e9tages, des concasseurs \u00e0 caisson, des broyeurs \u00e0 billes et des concasseurs mobiles (machines \u00e0 fabriquer du sable).","breadcrumb":{"@id":"http:\/\/www.jintaimachine.com\/ru\/#breadcrumb"},"inLanguage":"fr-FR","potentialAction":[{"@type":"ReadAction","target":["http:\/\/www.jintaimachine.com\/ru\/"]}]},{"@type":"BreadcrumbList","@id":"http:\/\/www.jintaimachine.com\/ru\/#breadcrumb","itemListElement":[{"@type":"ListItem","position":1,"name":"Home","item":"http:\/\/www.jintaimachine.com\/ru\/"},{"@type":"ListItem","position":2,"name":"home"}]},{"@type":"WebSite","@id":"https:\/\/www.jintaimachine.com\/#website","url":"https:\/\/www.jintaimachine.com\/","name":"Jintai Industrial","description":"","potentialAction":[{"@type":"SearchAction","target":{"@type":"EntryPoint","urlTemplate":"https:\/\/www.jintaimachine.com\/?s={search_term_string}"},"query-input":{"@type":"PropertyValueSpecification","valueRequired":true,"valueName":"search_term_string"}}],"inLanguage":"fr-FR"}]}},"_links":{"self":[{"href":"http:\/\/www.jintaimachine.com\/fr\/wp-json\/wp\/v2\/pages\/5","targetHints":{"allow":["GET"]}}],"collection":[{"href":"http:\/\/www.jintaimachine.com\/fr\/wp-json\/wp\/v2\/pages"}],"about":[{"href":"http:\/\/www.jintaimachine.com\/fr\/wp-json\/wp\/v2\/types\/page"}],"author":[{"embeddable":true,"href":"http:\/\/www.jintaimachine.com\/fr\/wp-json\/wp\/v2\/users\/1"}],"replies":[{"embeddable":true,"href":"http:\/\/www.jintaimachine.com\/fr\/wp-json\/wp\/v2\/comments?post=5"}],"version-history":[{"count":2,"href":"http:\/\/www.jintaimachine.com\/fr\/wp-json\/wp\/v2\/pages\/5\/revisions"}],"predecessor-version":[{"id":29,"href":"http:\/\/www.jintaimachine.com\/fr\/wp-json\/wp\/v2\/pages\/5\/revisions\/29"}],"wp:attachment":[{"href":"http:\/\/www.jintaimachine.com\/fr\/wp-json\/wp\/v2\/media?parent=5"}],"curies":[{"name":"wp","href":"https:\/\/api.w.org\/{rel}","templated":true}]}}