{"id":111,"date":"2025-12-03T14:00:19","date_gmt":"2025-12-03T06:00:19","guid":{"rendered":"http:\/\/www.jintaimachine.com\/?page_id=111"},"modified":"2025-12-03T14:07:38","modified_gmt":"2025-12-03T06:07:38","slug":"about-us","status":"publish","type":"page","link":"http:\/\/www.jintaimachine.com\/fr\/about-us\/","title":{"rendered":"A propos de nous"},"content":{"rendered":"<p>Gongyi Jintai Industrial Co. est un fabricant de mat\u00e9riel de concassage qui adh\u00e8re au principe \"c\u0153ur \u00e0 c\u0153ur, marcher avec les utilisateurs, c\u0153ur \u00e0 c\u0153ur et rassurer les utilisateurs\". Nous int\u00e9grons la production et la recherche et d\u00e9veloppement, et produisons principalement une s\u00e9rie de produits tels que des concasseurs \u00e0 marteaux, des concasseurs \u00e0 m\u00e2choires et des lignes de production de sable. Gr\u00e2ce \u00e0 une politique de qualit\u00e9 et \u00e0 un syst\u00e8me de service chaleureux et attentionn\u00e9, nous maintenons et encourageons une bonne \u00e9thique professionnelle et le d\u00e9vouement. Nos clients viennent pour des conseils, des inspections sur site et une coop\u00e9ration sinc\u00e8re !<\/p>","protected":false},"excerpt":{"rendered":"<p>Gongyi Jintai Industrial Co., Ltd. is a crushing equipment manufacturer that adheres to the principle of &#8220;heart to heart, walking with users, heart to heart, and reassuring users&#8221;. We integrate production and research and development, and mainly produce a series of products such as hammer crushers, jaw crushers, and sand production lines. With a quality [&hellip;]<\/p>","protected":false},"author":1,"featured_media":0,"parent":0,"menu_order":0,"comment_status":"closed","ping_status":"closed","template":"about.php","meta":{"_acf_changed":false,"footnotes":""},"class_list":["post-111","page","type-page","status-publish","hentry"],"acf":[],"yoast_head":"<!-- This site is optimized with the Yoast SEO plugin v26.5 - https:\/\/yoast.com\/wordpress\/plugins\/seo\/ -->\n<title>About us - Jintai Industrial<\/title>\n<meta name=\"description\" content=\"Gongyi Jintai Industrial Co., Ltd. mainly produces auxiliary equipment such as jaw crushers, hammer crushers, two-stage screenless crushers, box crushers, ball mills, and mobile crushers (sand making machines).\" \/>\n<meta name=\"robots\" content=\"index, follow, max-snippet:-1, max-image-preview:large, max-video-preview:-1\" \/>\n<link rel=\"canonical\" href=\"https:\/\/www.jintaimachine.com\/fr\/about-us\/\" \/>\n<meta property=\"og:locale\" content=\"fr_FR\" \/>\n<meta property=\"og:type\" content=\"article\" \/>\n<meta property=\"og:title\" content=\"About us - Jintai Industrial\" \/>\n<meta property=\"og:description\" content=\"Gongyi Jintai Industrial Co., Ltd. mainly produces auxiliary equipment such as jaw crushers, hammer crushers, two-stage screenless crushers, box crushers, ball mills, and mobile crushers (sand making machines).\" \/>\n<meta property=\"og:url\" content=\"https:\/\/www.jintaimachine.com\/fr\/about-us\/\" \/>\n<meta property=\"og:site_name\" content=\"Jintai Industrial\" \/>\n<meta property=\"article:modified_time\" content=\"2025-12-03T06:07:38+00:00\" \/>\n<meta name=\"twitter:card\" content=\"summary_large_image\" \/>\n<meta name=\"twitter:label1\" content=\"Dur\u00e9e de lecture estim\u00e9e\" \/>\n\t<meta name=\"twitter:data1\" content=\"1 minute\" \/>\n<script type=\"application\/ld+json\" class=\"yoast-schema-graph\">{\"@context\":\"https:\/\/schema.org\",\"@graph\":[{\"@type\":\"WebPage\",\"@id\":\"https:\/\/www.jintaimachine.com\/ru\/about-us\/\",\"url\":\"https:\/\/www.jintaimachine.com\/ru\/about-us\/\",\"name\":\"About us - Jintai Industrial\",\"isPartOf\":{\"@id\":\"https:\/\/www.jintaimachine.com\/#website\"},\"datePublished\":\"2025-12-03T06:00:19+00:00\",\"dateModified\":\"2025-12-03T06:07:38+00:00\",\"description\":\"Gongyi Jintai Industrial Co., Ltd. mainly produces auxiliary equipment such as jaw crushers, hammer crushers, two-stage screenless crushers, box crushers, ball mills, and mobile crushers (sand making machines).\",\"breadcrumb\":{\"@id\":\"https:\/\/www.jintaimachine.com\/ru\/about-us\/#breadcrumb\"},\"inLanguage\":\"fr-FR\",\"potentialAction\":[{\"@type\":\"ReadAction\",\"target\":[\"https:\/\/www.jintaimachine.com\/ru\/about-us\/\"]}]},{\"@type\":\"BreadcrumbList\",\"@id\":\"https:\/\/www.jintaimachine.com\/ru\/about-us\/#breadcrumb\",\"itemListElement\":[{\"@type\":\"ListItem\",\"position\":1,\"name\":\"Home\",\"item\":\"https:\/\/www.jintaimachine.com\/\"},{\"@type\":\"ListItem\",\"position\":2,\"name\":\"About us\"}]},{\"@type\":\"WebSite\",\"@id\":\"https:\/\/www.jintaimachine.com\/#website\",\"url\":\"https:\/\/www.jintaimachine.com\/\",\"name\":\"Jintai Industrial\",\"description\":\"\",\"potentialAction\":[{\"@type\":\"SearchAction\",\"target\":{\"@type\":\"EntryPoint\",\"urlTemplate\":\"https:\/\/www.jintaimachine.com\/?s={search_term_string}\"},\"query-input\":{\"@type\":\"PropertyValueSpecification\",\"valueRequired\":true,\"valueName\":\"search_term_string\"}}],\"inLanguage\":\"fr-FR\"}]}<\/script>\n<!-- \/ Yoast SEO plugin. -->","yoast_head_json":{"title":"\u00c0 propos de nous - Jintai Industrial","description":"Gongyi Jintai Industrial Co. produit principalement des \u00e9quipements auxiliaires tels que des concasseurs \u00e0 m\u00e2choires, des concasseurs \u00e0 marteaux, des concasseurs sans crible \u00e0 deux \u00e9tages, des concasseurs \u00e0 caisson, des broyeurs \u00e0 boulets et des concasseurs mobiles (machines \u00e0 fabriquer du sable).","robots":{"index":"index","follow":"follow","max-snippet":"max-snippet:-1","max-image-preview":"max-image-preview:large","max-video-preview":"max-video-preview:-1"},"canonical":"https:\/\/www.jintaimachine.com\/fr\/about-us\/","og_locale":"fr_FR","og_type":"article","og_title":"About us - Jintai Industrial","og_description":"Gongyi Jintai Industrial Co., Ltd. mainly produces auxiliary equipment such as jaw crushers, hammer crushers, two-stage screenless crushers, box crushers, ball mills, and mobile crushers (sand making machines).","og_url":"https:\/\/www.jintaimachine.com\/fr\/about-us\/","og_site_name":"Jintai Industrial","article_modified_time":"2025-12-03T06:07:38+00:00","twitter_card":"summary_large_image","twitter_misc":{"Dur\u00e9e de lecture estim\u00e9e":"1 minute"},"schema":{"@context":"https:\/\/schema.org","@graph":[{"@type":"WebPage","@id":"https:\/\/www.jintaimachine.com\/ru\/about-us\/","url":"https:\/\/www.jintaimachine.com\/ru\/about-us\/","name":"\u00c0 propos de nous - Jintai Industrial","isPartOf":{"@id":"https:\/\/www.jintaimachine.com\/#website"},"datePublished":"2025-12-03T06:00:19+00:00","dateModified":"2025-12-03T06:07:38+00:00","description":"Gongyi Jintai Industrial Co. produit principalement des \u00e9quipements auxiliaires tels que des concasseurs \u00e0 m\u00e2choires, des concasseurs \u00e0 marteaux, des concasseurs sans crible \u00e0 deux \u00e9tages, des concasseurs \u00e0 caisson, des broyeurs \u00e0 boulets et des concasseurs mobiles (machines \u00e0 fabriquer du sable).","breadcrumb":{"@id":"https:\/\/www.jintaimachine.com\/ru\/about-us\/#breadcrumb"},"inLanguage":"fr-FR","potentialAction":[{"@type":"ReadAction","target":["https:\/\/www.jintaimachine.com\/ru\/about-us\/"]}]},{"@type":"BreadcrumbList","@id":"https:\/\/www.jintaimachine.com\/ru\/about-us\/#breadcrumb","itemListElement":[{"@type":"ListItem","position":1,"name":"Home","item":"https:\/\/www.jintaimachine.com\/"},{"@type":"ListItem","position":2,"name":"About us"}]},{"@type":"WebSite","@id":"https:\/\/www.jintaimachine.com\/#website","url":"https:\/\/www.jintaimachine.com\/","name":"Jintai Industrial","description":"","potentialAction":[{"@type":"SearchAction","target":{"@type":"EntryPoint","urlTemplate":"https:\/\/www.jintaimachine.com\/?s={search_term_string}"},"query-input":{"@type":"PropertyValueSpecification","valueRequired":true,"valueName":"search_term_string"}}],"inLanguage":"fr-FR"}]}},"_links":{"self":[{"href":"http:\/\/www.jintaimachine.com\/fr\/wp-json\/wp\/v2\/pages\/111","targetHints":{"allow":["GET"]}}],"collection":[{"href":"http:\/\/www.jintaimachine.com\/fr\/wp-json\/wp\/v2\/pages"}],"about":[{"href":"http:\/\/www.jintaimachine.com\/fr\/wp-json\/wp\/v2\/types\/page"}],"author":[{"embeddable":true,"href":"http:\/\/www.jintaimachine.com\/fr\/wp-json\/wp\/v2\/users\/1"}],"replies":[{"embeddable":true,"href":"http:\/\/www.jintaimachine.com\/fr\/wp-json\/wp\/v2\/comments?post=111"}],"version-history":[{"count":2,"href":"http:\/\/www.jintaimachine.com\/fr\/wp-json\/wp\/v2\/pages\/111\/revisions"}],"predecessor-version":[{"id":116,"href":"http:\/\/www.jintaimachine.com\/fr\/wp-json\/wp\/v2\/pages\/111\/revisions\/116"}],"wp:attachment":[{"href":"http:\/\/www.jintaimachine.com\/fr\/wp-json\/wp\/v2\/media?parent=111"}],"curies":[{"name":"wp","href":"https:\/\/api.w.org\/{rel}","templated":true}]}}